{"id":10,"date":"2026-03-19T21:24:54","date_gmt":"2026-03-20T00:24:54","guid":{"rendered":"https:\/\/www.sigevento.com.br\/fonape\/inscricao\/?page_id=10"},"modified":"2026-04-24T15:54:13","modified_gmt":"2026-04-24T18:54:13","slug":"5o-forum-nacional-de-alternativas-penais","status":"publish","type":"page","link":"https:\/\/www.sigevento.com.br\/fonape\/inscricao\/","title":{"rendered":"Home"},"content":{"rendered":"<div class=\"wpb-content-wrapper\"><p>[vc_row][vc_column width=&#8221;1\/6&#8243;][\/vc_column][vc_column width=&#8221;2\/3&#8243;][vc_column_text css=&#8221;&#8221;]<\/p>\n<p>Inscri\u00e7\u00e3o para o 5\u00ba F\u00f3rum Nacional de Alternativas Penais: Justi\u00e7a Restaurativa no \u00e2mbito Criminal: caminhos para novos paradigmas no Brasil, a ser realizado nos dias 6 e 7 de maio de 2026.<\/p>\n<p>[\/vc_column_text][vc_column_text css=&#8221;&#8221;]<b>Inscri\u00e7\u00e3o necess\u00e1ria apenas para quem participar\u00e1 presencialmente. Para participa\u00e7\u00e3o remota, o evento ser\u00e1 transmitido no Canal do CNJ no YouTube.<\/b>[\/vc_column_text]\n<div class=\"wpcf7 no-js\" id=\"wpcf7-f6-o1\" lang=\"pt-BR\" dir=\"ltr\" data-wpcf7-id=\"6\">\n<div class=\"screen-reader-response\"><p role=\"status\" aria-live=\"polite\" aria-atomic=\"true\"><\/p> <ul><\/ul><\/div>\n<form action=\"\/fonape\/inscricao\/wp-json\/wp\/v2\/pages\/10#wpcf7-f6-o1\" method=\"post\" class=\"wpcf7-form init\" aria-label=\"Formul\u00e1rios de contato\" novalidate=\"novalidate\" data-status=\"init\">\n<fieldset class=\"hidden-fields-container\"><input type=\"hidden\" name=\"_wpcf7\" value=\"6\" \/><input type=\"hidden\" name=\"_wpcf7_version\" value=\"6.1.5\" \/><input type=\"hidden\" name=\"_wpcf7_locale\" value=\"pt_BR\" \/><input type=\"hidden\" name=\"_wpcf7_unit_tag\" value=\"wpcf7-f6-o1\" \/><input type=\"hidden\" name=\"_wpcf7_container_post\" value=\"0\" \/><input type=\"hidden\" name=\"_wpcf7_posted_data_hash\" value=\"\" \/>\n<\/fieldset>\n<p><label> Nome completo*<br \/>\n<span class=\"wpcf7-form-control-wrap\" data-name=\"nome-completo\"><input size=\"40\" maxlength=\"400\" class=\"wpcf7-form-control wpcf7-text wpcf7-validates-as-required\" autocomplete=\"name\" aria-required=\"true\" aria-invalid=\"false\" value=\"\" type=\"text\" name=\"nome-completo\" \/><\/span> <\/label>\n<\/p>\n<p><label> CPF*<br \/>\n<span class=\"wpcf7-form-control-wrap\" data-name=\"cpf\"><input size=\"40\" maxlength=\"400\" class=\"wpcf7-form-control wpcf7-text wpcf7-validates-as-required cpf\" aria-required=\"true\" aria-invalid=\"false\" placeholder=\"000.000.000-00\" value=\"\" type=\"text\" name=\"cpf\" \/><\/span> <\/label>\n<\/p>\n<p><label> \u00d3rg\u00e3o*<br \/>\n<span class=\"wpcf7-form-control-wrap\" data-name=\"orgao\"><input size=\"40\" maxlength=\"400\" class=\"wpcf7-form-control wpcf7-text wpcf7-validates-as-required\" aria-required=\"true\" aria-invalid=\"false\" value=\"\" type=\"text\" name=\"orgao\" \/><\/span> <\/label>\n<\/p>\n<p><label> Cargo*<br \/>\n<span class=\"wpcf7-form-control-wrap\" data-name=\"cargo\"><input size=\"40\" maxlength=\"400\" class=\"wpcf7-form-control wpcf7-text wpcf7-validates-as-required\" aria-required=\"true\" aria-invalid=\"false\" value=\"\" type=\"text\" name=\"cargo\" \/><\/span> <\/label>\n<\/p>\n<h3>Informe e-mail pessoal (institucional ou particular).\n<\/h3>\n<p>O e-mail n\u00e3o deve ser de presid\u00eancia, secretarias, gabinetes, entre outros utilizados por mais de uma pessoa.\n<\/p>\n<p><label>Email*<br \/>\n<span class=\"wpcf7-form-control-wrap\" data-name=\"your-email\"><input size=\"40\" maxlength=\"400\" class=\"wpcf7-form-control wpcf7-email wpcf7-validates-as-required wpcf7-text wpcf7-validates-as-email\" aria-required=\"true\" aria-invalid=\"false\" value=\"\" type=\"email\" name=\"your-email\" \/><\/span><\/label>\n<\/p>\n<p><label>Confirmar Email*<br \/>\n<span class=\"wpcf7-form-control-wrap\" data-name=\"your-email-confirm\"><input size=\"40\" maxlength=\"400\" class=\"wpcf7-form-control wpcf7-email wpcf7-validates-as-required wpcf7-text wpcf7-validates-as-email\" aria-required=\"true\" aria-invalid=\"false\" value=\"\" type=\"email\" name=\"your-email-confirm\" \/><\/span><\/label>\n<\/p>\n<p><label> <\/label>\n<\/p>\n<h3>Selecione a Sala Tem\u00e1tica* (Selecione essa op\u00e7\u00e3o apenas em caso de participa\u00e7\u00e3o presencial)\n<\/h3>\n<p><span class=\"wpcf7-form-control-wrap\" data-name=\"sala-tematica\"><span class=\"wpcf7-form-control wpcf7-radio\"><span class=\"wpcf7-list-item first\"><label><input type=\"radio\" name=\"sala-tematica\" value=\"Sala Tem\u00e1tica 1 - Fundamentos para a tomada de decis\u00e3o e deriva\u00e7\u00e3o de casos da justi\u00e7a criminal para a Justi\u00e7a Restaurativa (Magistratura, MP e Defensoria)\" \/><span class=\"wpcf7-list-item-label\">Sala Tem\u00e1tica 1 - Fundamentos para a tomada de decis\u00e3o e deriva\u00e7\u00e3o de casos da justi\u00e7a criminal para a Justi\u00e7a Restaurativa (Magistratura, MP e Defensoria)<\/span><\/label><\/span><span class=\"wpcf7-list-item last\"><label><input type=\"radio\" name=\"sala-tematica\" value=\"Sala Tem\u00e1tica 2 - Princ\u00edpios e fundamentos para a JR na porta de entrada do sistema prisional (Servi\u00e7o APEC, N\u00facleos de JR, Servi\u00e7os penais e demais inscritos)\" \/><span class=\"wpcf7-list-item-label\">Sala Tem\u00e1tica 2 - Princ\u00edpios e fundamentos para a JR na porta de entrada do sistema prisional (Servi\u00e7o APEC, N\u00facleos de JR, Servi\u00e7os penais e demais inscritos)<\/span><\/label><\/span><\/span><\/span>\n<\/p>\n<p><label> Celular (opcional)<br \/>\n<span class=\"wpcf7-form-control-wrap\" data-name=\"celular\"><input size=\"40\" maxlength=\"400\" class=\"wpcf7-form-control wpcf7-tel wpcf7-text wpcf7-validates-as-tel phone\" aria-invalid=\"false\" placeholder=\"(00) 00000-0000\" value=\"\" type=\"tel\" name=\"celular\" \/><\/span> <\/label>\n<\/p>\n<p><label><br \/>\n<span class=\"wpcf7-form-control-wrap\" data-name=\"ciencia\"><span class=\"wpcf7-form-control wpcf7-acceptance\"><span class=\"wpcf7-list-item\"><label><input type=\"checkbox\" name=\"ciencia\" value=\"1\" aria-invalid=\"false\" \/><span class=\"wpcf7-list-item-label\">Estou ciente de que o e-mail e o n\u00famero de celular informados ser\u00e3o utilizados para receber o certificado de participa\u00e7\u00e3o e demais informa\u00e7\u00f5es sobre o evento.<\/span><\/label><\/span><\/span><\/span><br \/>\n<\/label>\n<\/p>\n<p><input class=\"wpcf7-form-control wpcf7-submit has-spinner\" type=\"submit\" value=\"Enviar\" \/>\n<\/p><div class=\"wpcf7-response-output\" aria-hidden=\"true\"><\/div>\n<\/form>\n<\/div>\n[\/vc_column][vc_column width=&#8221;1\/6&#8243;][\/vc_column][\/vc_row]<\/p>\n<\/div>","protected":false},"excerpt":{"rendered":"<p>[vc_row][vc_column width=&#8221;1\/6&#8243;][\/vc_column][vc_column width=&#8221;2\/3&#8243;][vc_column_text css=&#8221;&#8221;] Inscri\u00e7\u00e3o para o 5\u00ba F\u00f3rum Nacional de Alternativas Penais: Justi\u00e7a Restaurativa no \u00e2mbito Criminal: caminhos para novos paradigmas no Brasil, a ser realizado nos dias 6 e 7 de maio de 2026. [\/vc_column_text][vc_column_text css=&#8221;&#8221;]Inscri\u00e7\u00e3o necess\u00e1ria apenas para quem participar\u00e1 presencialmente. Para participa\u00e7\u00e3o remota, o evento ser\u00e1 transmitido no Canal do CNJ&hellip;<\/p>\n","protected":false},"author":1,"featured_media":42,"parent":0,"menu_order":0,"comment_status":"closed","ping_status":"closed","template":"","meta":{"footnotes":""},"class_list":["post-10","page","type-page","status-publish","has-post-thumbnail","hentry","description-off"],"_links":{"self":[{"href":"https:\/\/www.sigevento.com.br\/fonape\/inscricao\/wp-json\/wp\/v2\/pages\/10","targetHints":{"allow":["GET"]}}],"collection":[{"href":"https:\/\/www.sigevento.com.br\/fonape\/inscricao\/wp-json\/wp\/v2\/pages"}],"about":[{"href":"https:\/\/www.sigevento.com.br\/fonape\/inscricao\/wp-json\/wp\/v2\/types\/page"}],"author":[{"embeddable":true,"href":"https:\/\/www.sigevento.com.br\/fonape\/inscricao\/wp-json\/wp\/v2\/users\/1"}],"replies":[{"embeddable":true,"href":"https:\/\/www.sigevento.com.br\/fonape\/inscricao\/wp-json\/wp\/v2\/comments?post=10"}],"version-history":[{"count":12,"href":"https:\/\/www.sigevento.com.br\/fonape\/inscricao\/wp-json\/wp\/v2\/pages\/10\/revisions"}],"predecessor-version":[{"id":60,"href":"https:\/\/www.sigevento.com.br\/fonape\/inscricao\/wp-json\/wp\/v2\/pages\/10\/revisions\/60"}],"wp:featuredmedia":[{"embeddable":true,"href":"https:\/\/www.sigevento.com.br\/fonape\/inscricao\/wp-json\/wp\/v2\/media\/42"}],"wp:attachment":[{"href":"https:\/\/www.sigevento.com.br\/fonape\/inscricao\/wp-json\/wp\/v2\/media?parent=10"}],"curies":[{"name":"wp","href":"https:\/\/api.w.org\/{rel}","templated":true}]}}